{"id":30,"date":"2020-04-13T11:18:54","date_gmt":"2020-04-13T09:18:54","guid":{"rendered":"https:\/\/rueduontour.com\/?page_id=30"},"modified":"2024-07-12T14:28:41","modified_gmt":"2024-07-12T12:28:41","slug":"home","status":"publish","type":"page","link":"https:\/\/rueduontour.com\/","title":{"rendered":"Home"},"content":{"rendered":"\t\t<div data-elementor-type=\"wp-page\" data-elementor-id=\"30\" class=\"elementor elementor-30\">\n\t\t\t\t\t\t<section class=\"elementor-section elementor-top-section elementor-element elementor-element-5939a86c elementor-section-height-min-height elementor-section-boxed elementor-section-height-default elementor-section-items-middle\" data-id=\"5939a86c\" data-element_type=\"section\" data-e-type=\"section\" data-settings=\"{&quot;background_background&quot;:&quot;classic&quot;}\">\n\t\t\t\t\t\t\t<div class=\"elementor-background-overlay\"><\/div>\n\t\t\t\t\t\t\t<div class=\"elementor-container elementor-column-gap-no\">\n\t\t\t\t\t<div class=\"elementor-column elementor-col-100 elementor-top-column elementor-element elementor-element-6f6a47a9\" data-id=\"6f6a47a9\" data-element_type=\"column\" data-e-type=\"column\">\n\t\t\t<div class=\"elementor-widget-wrap elementor-element-populated\">\n\t\t\t\t\t\t<div class=\"elementor-element elementor-element-da98eec elementor-widget elementor-widget-image-box\" data-id=\"da98eec\" data-element_type=\"widget\" data-e-type=\"widget\" data-widget_type=\"image-box.default\">\n\t\t\t\t<div class=\"elementor-widget-container\">\n\t\t\t\t\t<div class=\"elementor-image-box-wrapper\"><div class=\"elementor-image-box-content\"><h1 class=\"elementor-image-box-title\"><br>R\u00fcedu on tour<\/h1><p class=\"elementor-image-box-description\"><br>Nach einigen wundersch\u00f6nen Reisen mit dem Rucksack durch die Welt,<br>haben wir Job und Wohnung aufgegeben und erf\u00fcllen uns nun<br>einen Traum und sind mit unserem eigenen Camper \"R\u00fcedu\" unterwegs.<br><br>Ein bestimmtes Ziel oder eine definierte Route haben wir nicht.<br>Wir fahren von der Schweiz aus Richtung Osten und lassen uns unterwegs inspirieren, wo es uns als n\u00e4chstes hinf\u00fchrt.<br><br>Wo wir gerade unterwegs sind,<br>erf\u00e4hrst Du hier in unserem Blog.<\/p><\/div><\/div>\t\t\t\t<\/div>\n\t\t\t\t<\/div>\n\t\t\t\t<section class=\"elementor-section elementor-inner-section elementor-element elementor-element-143e9c37 elementor-section-boxed elementor-section-height-default elementor-section-height-default\" data-id=\"143e9c37\" data-element_type=\"section\" data-e-type=\"section\">\n\t\t\t\t\t\t<div class=\"elementor-container elementor-column-gap-no\">\n\t\t\t\t\t<div class=\"elementor-column elementor-col-50 elementor-inner-column elementor-element elementor-element-5acde085\" data-id=\"5acde085\" data-element_type=\"column\" data-e-type=\"column\">\n\t\t\t<div class=\"elementor-widget-wrap elementor-element-populated\">\n\t\t\t\t\t\t<div class=\"elementor-element elementor-element-31fcced2 elementor-align-center elementor-mobile-align-center elementor-widget elementor-widget-button\" data-id=\"31fcced2\" data-element_type=\"widget\" data-e-type=\"widget\" data-widget_type=\"button.default\">\n\t\t\t\t<div class=\"elementor-widget-container\">\n\t\t\t\t\t\t\t\t\t<div class=\"elementor-button-wrapper\">\n\t\t\t\t\t<a class=\"elementor-button elementor-button-link elementor-size-lg\" href=\"https:\/\/rueduontour.com\/?page_id=32\">\n\t\t\t\t\t\t<span class=\"elementor-button-content-wrapper\">\n\t\t\t\t\t\t\t\t\t<span class=\"elementor-button-text\">Blog<\/span>\n\t\t\t\t\t<\/span>\n\t\t\t\t\t<\/a>\n\t\t\t\t<\/div>\n\t\t\t\t\t\t\t\t<\/div>\n\t\t\t\t<\/div>\n\t\t\t\t\t<\/div>\n\t\t<\/div>\n\t\t\t\t<div class=\"elementor-column elementor-col-50 elementor-inner-column elementor-element elementor-element-6e649c\" data-id=\"6e649c\" data-element_type=\"column\" data-e-type=\"column\">\n\t\t\t<div class=\"elementor-widget-wrap elementor-element-populated\">\n\t\t\t\t\t\t<div class=\"elementor-element elementor-element-5b930ae3 elementor-align-center elementor-mobile-align-center elementor-widget elementor-widget-button\" data-id=\"5b930ae3\" data-element_type=\"widget\" data-e-type=\"widget\" data-widget_type=\"button.default\">\n\t\t\t\t<div class=\"elementor-widget-container\">\n\t\t\t\t\t\t\t\t\t<div class=\"elementor-button-wrapper\">\n\t\t\t\t\t<a class=\"elementor-button elementor-button-link elementor-size-lg\" href=\"https:\/\/rueduontour.com\/?page_id=12577\">\n\t\t\t\t\t\t<span class=\"elementor-button-content-wrapper\">\n\t\t\t\t\t\t\t\t\t<span class=\"elementor-button-text\">Aktuellster Beitrag<\/span>\n\t\t\t\t\t<\/span>\n\t\t\t\t\t<\/a>\n\t\t\t\t<\/div>\n\t\t\t\t\t\t\t\t<\/div>\n\t\t\t\t<\/div>\n\t\t\t\t\t<\/div>\n\t\t<\/div>\n\t\t\t\t\t<\/div>\n\t\t<\/section>\n\t\t\t\t\t<\/div>\n\t\t<\/div>\n\t\t\t\t\t<\/div>\n\t\t<\/section>\n\t\t\t\t<section class=\"elementor-section elementor-top-section elementor-element elementor-element-eef7db2 elementor-section-boxed elementor-section-height-default elementor-section-height-default\" data-id=\"eef7db2\" data-element_type=\"section\" data-e-type=\"section\">\n\t\t\t\t\t\t<div class=\"elementor-container elementor-column-gap-default\">\n\t\t\t\t\t<div class=\"elementor-column elementor-col-100 elementor-top-column elementor-element elementor-element-677d388\" data-id=\"677d388\" data-element_type=\"column\" data-e-type=\"column\">\n\t\t\t<div class=\"elementor-widget-wrap elementor-element-populated\">\n\t\t\t\t\t\t<div class=\"elementor-element elementor-element-28a90d7 elementor-widget elementor-widget-heading\" data-id=\"28a90d7\" data-element_type=\"widget\" data-e-type=\"widget\" data-widget_type=\"heading.default\">\n\t\t\t\t<div class=\"elementor-widget-container\">\n\t\t\t\t\t<h2 class=\"elementor-heading-title elementor-size-default\">Wo sind wir gerade? Unsere Reiseroute und aktueller Standort<\/h2>\t\t\t\t<\/div>\n\t\t\t\t<\/div>\n\t\t\t\t<div class=\"elementor-element elementor-element-70ea7ff elementor-widget elementor-widget-text-editor\" data-id=\"70ea7ff\" data-element_type=\"widget\" data-e-type=\"widget\" data-widget_type=\"text-editor.default\">\n\t\t\t\t<div class=\"elementor-widget-container\">\n\t\t\t\t\t\t\t\t\t\t<iframe src=\"https:\/\/rueduontour.travelmap.net\" width=\"100%\" height=\"600\" class=\"travelmap-iframe\" allow=\"geolocation\" scrolling=\"yes\" frameborder=\"0\" allowfullscreen style=\"box-shadow: 0 2px 2px 0 rgba(0, 0, 0, 0.14), 0 3px 1px -2px rgba(0, 0, 0, 0.2), 0 1px 5px 0 rgba(0, 0, 0, 0.12);\"><\/iframe>\n\t\t\t\t\t\t\t\t<\/div>\n\t\t\t\t<\/div>\n\t\t\t\t\t<\/div>\n\t\t<\/div>\n\t\t\t\t\t<\/div>\n\t\t<\/section>\n\t\t\t\t<section class=\"elementor-section elementor-top-section elementor-element elementor-element-34277c67 elementor-section-boxed elementor-section-height-default elementor-section-height-default\" data-id=\"34277c67\" data-element_type=\"section\" data-e-type=\"section\">\n\t\t\t\t\t\t<div class=\"elementor-container elementor-column-gap-no\">\n\t\t\t\t\t<div class=\"elementor-column elementor-col-50 elementor-top-column elementor-element elementor-element-217497e3\" data-id=\"217497e3\" data-element_type=\"column\" data-e-type=\"column\">\n\t\t\t<div class=\"elementor-widget-wrap elementor-element-populated\">\n\t\t\t\t\t\t<div class=\"elementor-element elementor-element-25666558 elementor-widget elementor-widget-heading\" data-id=\"25666558\" data-element_type=\"widget\" data-e-type=\"widget\" data-widget_type=\"heading.default\">\n\t\t\t\t<div class=\"elementor-widget-container\">\n\t\t\t\t\t<h2 class=\"elementor-heading-title elementor-size-default\">the story<\/h2>\t\t\t\t<\/div>\n\t\t\t\t<\/div>\n\t\t\t\t\t<\/div>\n\t\t<\/div>\n\t\t\t\t<div class=\"elementor-column elementor-col-50 elementor-top-column elementor-element elementor-element-2d17052\" data-id=\"2d17052\" data-element_type=\"column\" data-e-type=\"column\">\n\t\t\t<div class=\"elementor-widget-wrap elementor-element-populated\">\n\t\t\t\t\t\t<div class=\"elementor-element elementor-element-77680b8d elementor-widget elementor-widget-text-editor\" data-id=\"77680b8d\" data-element_type=\"widget\" data-e-type=\"widget\" data-widget_type=\"text-editor.default\">\n\t\t\t\t<div class=\"elementor-widget-container\">\n\t\t\t\t\t\t\t\t\t<p><span style=\"font-style: inherit; font-weight: inherit; color: var(--ast-global-color-3);\"><br \/>Im Februar 2022 haben wir unseren Traum vom eigenen Camper verwirklicht und uns einen Mercedes Sprinter gekauft.\u00a0<\/span><\/p><p>Das Fahrzeug war eigentlich bereits als Camper ausgebaut, wir wollten lediglich einige Anpassungen vornehmen und z.B. die 3er Sitzreihe entfernen und daf\u00fcr eine Dinette und ein K\u00fcchenmodul einbauen.<\/p><p>Leider kam dann alles etwas anders und wir mussten den Camper komplett ausbauen und von Anfang an frisch beginnen&#8230;<\/p><p>Sieh es Dir selbst an.<\/p>\t\t\t\t\t\t\t\t<\/div>\n\t\t\t\t<\/div>\n\t\t\t\t<div class=\"elementor-element elementor-element-ed8b38d elementor-align-center elementor-widget elementor-widget-button\" data-id=\"ed8b38d\" data-element_type=\"widget\" data-e-type=\"widget\" data-widget_type=\"button.default\">\n\t\t\t\t<div class=\"elementor-widget-container\">\n\t\t\t\t\t\t\t\t\t<div class=\"elementor-button-wrapper\">\n\t\t\t\t\t<a class=\"elementor-button elementor-button-link elementor-size-sm\" href=\"https:\/\/rueduontour.com\/?page_id=498\">\n\t\t\t\t\t\t<span class=\"elementor-button-content-wrapper\">\n\t\t\t\t\t\t\t\t\t<span class=\"elementor-button-text\">Der Ausbau<\/span>\n\t\t\t\t\t<\/span>\n\t\t\t\t\t<\/a>\n\t\t\t\t<\/div>\n\t\t\t\t\t\t\t\t<\/div>\n\t\t\t\t<\/div>\n\t\t\t\t\t<\/div>\n\t\t<\/div>\n\t\t\t\t\t<\/div>\n\t\t<\/section>\n\t\t\t\t<section class=\"elementor-section elementor-top-section elementor-element elementor-element-4076731b elementor-section-boxed elementor-section-height-default elementor-section-height-default\" data-id=\"4076731b\" data-element_type=\"section\" data-e-type=\"section\" data-settings=\"{&quot;background_background&quot;:&quot;classic&quot;}\">\n\t\t\t\t\t\t\t<div class=\"elementor-background-overlay\"><\/div>\n\t\t\t\t\t\t\t<div class=\"elementor-container elementor-column-gap-no\">\n\t\t\t\t\t<div class=\"elementor-column elementor-col-100 elementor-top-column elementor-element elementor-element-7940ca75\" data-id=\"7940ca75\" data-element_type=\"column\" data-e-type=\"column\">\n\t\t\t<div class=\"elementor-widget-wrap elementor-element-populated\">\n\t\t\t\t\t\t<div class=\"elementor-element elementor-element-d73361e elementor-widget elementor-widget-image-box\" data-id=\"d73361e\" data-element_type=\"widget\" data-e-type=\"widget\" data-widget_type=\"image-box.default\">\n\t\t\t\t<div class=\"elementor-widget-container\">\n\t\t\t\t\t<div class=\"elementor-image-box-wrapper\"><div class=\"elementor-image-box-content\"><h2 class=\"elementor-image-box-title\">\u00abMan reist ja nicht um anzukommen, sondern um zu reisen\u00bb<\/h2><p class=\"elementor-image-box-description\">Johan Wolfgang von Goethe<\/p><\/div><\/div>\t\t\t\t<\/div>\n\t\t\t\t<\/div>\n\t\t\t\t<div class=\"elementor-element elementor-element-1ad749e1 elementor-align-center elementor-widget elementor-widget-button\" data-id=\"1ad749e1\" data-element_type=\"widget\" data-e-type=\"widget\" data-widget_type=\"button.default\">\n\t\t\t\t<div class=\"elementor-widget-container\">\n\t\t\t\t\t\t\t\t\t<div class=\"elementor-button-wrapper\">\n\t\t\t\t\t<a class=\"elementor-button elementor-button-link elementor-size-lg\" href=\"https:\/\/rueduontour.com\/?page_id=32\">\n\t\t\t\t\t\t<span class=\"elementor-button-content-wrapper\">\n\t\t\t\t\t\t\t\t\t<span class=\"elementor-button-text\">BLOG<\/span>\n\t\t\t\t\t<\/span>\n\t\t\t\t\t<\/a>\n\t\t\t\t<\/div>\n\t\t\t\t\t\t\t\t<\/div>\n\t\t\t\t<\/div>\n\t\t\t\t<div class=\"elementor-element elementor-element-ef54958 elementor-align-center elementor-mobile-align-center elementor-widget elementor-widget-button\" data-id=\"ef54958\" data-element_type=\"widget\" data-e-type=\"widget\" data-widget_type=\"button.default\">\n\t\t\t\t<div class=\"elementor-widget-container\">\n\t\t\t\t\t\t\t\t\t<div class=\"elementor-button-wrapper\">\n\t\t\t\t\t<a class=\"elementor-button elementor-button-link elementor-size-lg\" href=\"https:\/\/rueduontour.com\/?page_id=4675\">\n\t\t\t\t\t\t<span class=\"elementor-button-content-wrapper\">\n\t\t\t\t\t\t\t\t\t<span class=\"elementor-button-text\">Unser Jahresr\u00fcckblick 2022<\/span>\n\t\t\t\t\t<\/span>\n\t\t\t\t\t<\/a>\n\t\t\t\t<\/div>\n\t\t\t\t\t\t\t\t<\/div>\n\t\t\t\t<\/div>\n\t\t\t\t\t<\/div>\n\t\t<\/div>\n\t\t\t\t\t<\/div>\n\t\t<\/section>\n\t\t\t\t<section class=\"elementor-section elementor-top-section elementor-element elementor-element-4fa11189 elementor-section-boxed elementor-section-height-default elementor-section-height-default\" data-id=\"4fa11189\" data-element_type=\"section\" data-e-type=\"section\" data-settings=\"{&quot;background_background&quot;:&quot;classic&quot;}\">\n\t\t\t\t\t\t<div class=\"elementor-container elementor-column-gap-no\">\n\t\t\t\t\t<div class=\"elementor-column elementor-col-100 elementor-top-column elementor-element elementor-element-6a0cb495\" data-id=\"6a0cb495\" data-element_type=\"column\" data-e-type=\"column\">\n\t\t\t<div class=\"elementor-widget-wrap elementor-element-populated\">\n\t\t\t\t\t\t<div class=\"elementor-element elementor-element-912ba90 elementor-widget elementor-widget-heading\" data-id=\"912ba90\" data-element_type=\"widget\" data-e-type=\"widget\" data-widget_type=\"heading.default\">\n\t\t\t\t<div class=\"elementor-widget-container\">\n\t\t\t\t\t<h2 class=\"elementor-heading-title elementor-size-default\">einige Highlights fr\u00fcherer Reisen<\/h2>\t\t\t\t<\/div>\n\t\t\t\t<\/div>\n\t\t\t\t<div class=\"elementor-element elementor-element-4d9d9662 gallery-spacing-custom elementor-widget elementor-widget-image-gallery\" data-id=\"4d9d9662\" data-element_type=\"widget\" data-e-type=\"widget\" data-settings=\"{&quot;_animation&quot;:&quot;none&quot;}\" data-widget_type=\"image-gallery.default\">\n\t\t\t\t<div class=\"elementor-widget-container\">\n\t\t\t\t\t\t\t<div class=\"elementor-image-gallery\">\n\t\t\t<div id='gallery-1' class='gallery galleryid-30 gallery-columns-3 gallery-size-medium_large'><figure class='gallery-item'>\n\t\t\t<div class='gallery-icon landscape'>\n\t\t\t\t<a data-elementor-open-lightbox=\"yes\" data-elementor-lightbox-slideshow=\"4d9d9662\" data-elementor-lightbox-title=\"DSC4688.JPG\" data-e-action-hash=\"#elementor-action%3Aaction%3Dlightbox%26settings%3DeyJpZCI6NTUyLCJ1cmwiOiJodHRwczpcL1wvcnVlZHVvbnRvdXIuY29tXC93cC1jb250ZW50XC91cGxvYWRzXC8yMDIyXC8wNVwvRFNDNDY4OC1zY2FsZWQuanBnIiwic2xpZGVzaG93IjoiNGQ5ZDk2NjIifQ%3D%3D\" href='https:\/\/rueduontour.com\/wp-content\/uploads\/2022\/05\/DSC4688-scaled.jpg'><img fetchpriority=\"high\" decoding=\"async\" width=\"768\" height=\"432\" src=\"https:\/\/rueduontour.com\/wp-content\/uploads\/2022\/05\/DSC4688-768x432.jpg\" class=\"attachment-medium_large size-medium_large\" alt=\"\" srcset=\"https:\/\/rueduontour.com\/wp-content\/uploads\/2022\/05\/DSC4688-768x432.jpg 768w, https:\/\/rueduontour.com\/wp-content\/uploads\/2022\/05\/DSC4688-300x169.jpg 300w, https:\/\/rueduontour.com\/wp-content\/uploads\/2022\/05\/DSC4688-1024x576.jpg 1024w, https:\/\/rueduontour.com\/wp-content\/uploads\/2022\/05\/DSC4688-1536x864.jpg 1536w, https:\/\/rueduontour.com\/wp-content\/uploads\/2022\/05\/DSC4688-2048x1152.jpg 2048w\" sizes=\"(max-width: 768px) 100vw, 768px\" \/><\/a>\n\t\t\t<\/div><\/figure><figure class='gallery-item'>\n\t\t\t<div class='gallery-icon landscape'>\n\t\t\t\t<a data-elementor-open-lightbox=\"yes\" data-elementor-lightbox-slideshow=\"4d9d9662\" data-elementor-lightbox-title=\"PC010209.JPG\" data-e-action-hash=\"#elementor-action%3Aaction%3Dlightbox%26settings%3DeyJpZCI6NTUwLCJ1cmwiOiJodHRwczpcL1wvcnVlZHVvbnRvdXIuY29tXC93cC1jb250ZW50XC91cGxvYWRzXC8yMDIyXC8wNVwvUEMwMTAyMDktc2NhbGVkLmpwZyIsInNsaWRlc2hvdyI6IjRkOWQ5NjYyIn0%3D\" href='https:\/\/rueduontour.com\/wp-content\/uploads\/2022\/05\/PC010209-scaled.jpg'><img decoding=\"async\" width=\"768\" height=\"432\" src=\"https:\/\/rueduontour.com\/wp-content\/uploads\/2022\/05\/PC010209-768x432.jpg\" class=\"attachment-medium_large size-medium_large\" alt=\"\" srcset=\"https:\/\/rueduontour.com\/wp-content\/uploads\/2022\/05\/PC010209-768x432.jpg 768w, https:\/\/rueduontour.com\/wp-content\/uploads\/2022\/05\/PC010209-300x169.jpg 300w, https:\/\/rueduontour.com\/wp-content\/uploads\/2022\/05\/PC010209-1024x576.jpg 1024w, https:\/\/rueduontour.com\/wp-content\/uploads\/2022\/05\/PC010209-1536x864.jpg 1536w, https:\/\/rueduontour.com\/wp-content\/uploads\/2022\/05\/PC010209-2048x1152.jpg 2048w\" sizes=\"(max-width: 768px) 100vw, 768px\" \/><\/a>\n\t\t\t<\/div><\/figure><figure class='gallery-item'>\n\t\t\t<div class='gallery-icon landscape'>\n\t\t\t\t<a data-elementor-open-lightbox=\"yes\" data-elementor-lightbox-slideshow=\"4d9d9662\" data-elementor-lightbox-title=\"FullSizeRender-6.jpg\" data-e-action-hash=\"#elementor-action%3Aaction%3Dlightbox%26settings%3DeyJpZCI6NTQ3LCJ1cmwiOiJodHRwczpcL1wvcnVlZHVvbnRvdXIuY29tXC93cC1jb250ZW50XC91cGxvYWRzXC8yMDIyXC8wNVwvRnVsbFNpemVSZW5kZXItNi5qcGciLCJzbGlkZXNob3ciOiI0ZDlkOTY2MiJ9\" href='https:\/\/rueduontour.com\/wp-content\/uploads\/2022\/05\/FullSizeRender-6.jpg'><img decoding=\"async\" width=\"768\" height=\"432\" src=\"https:\/\/rueduontour.com\/wp-content\/uploads\/2022\/05\/FullSizeRender-6-768x432.jpg\" class=\"attachment-medium_large size-medium_large\" alt=\"\" srcset=\"https:\/\/rueduontour.com\/wp-content\/uploads\/2022\/05\/FullSizeRender-6-768x432.jpg 768w, https:\/\/rueduontour.com\/wp-content\/uploads\/2022\/05\/FullSizeRender-6-300x169.jpg 300w, https:\/\/rueduontour.com\/wp-content\/uploads\/2022\/05\/FullSizeRender-6-1024x576.jpg 1024w, https:\/\/rueduontour.com\/wp-content\/uploads\/2022\/05\/FullSizeRender-6-1536x864.jpg 1536w, https:\/\/rueduontour.com\/wp-content\/uploads\/2022\/05\/FullSizeRender-6-2048x1152.jpg 2048w\" sizes=\"(max-width: 768px) 100vw, 768px\" \/><\/a>\n\t\t\t<\/div><\/figure><figure class='gallery-item'>\n\t\t\t<div class='gallery-icon landscape'>\n\t\t\t\t<a data-elementor-open-lightbox=\"yes\" data-elementor-lightbox-slideshow=\"4d9d9662\" data-elementor-lightbox-title=\"Foto-04.02.13-01-42-57.jpg\" data-e-action-hash=\"#elementor-action%3Aaction%3Dlightbox%26settings%3DeyJpZCI6NTUxLCJ1cmwiOiJodHRwczpcL1wvcnVlZHVvbnRvdXIuY29tXC93cC1jb250ZW50XC91cGxvYWRzXC8yMDIyXC8wNVwvRm90by0wNC4wMi4xMy0wMS00Mi01Ny1zY2FsZWQuanBnIiwic2xpZGVzaG93IjoiNGQ5ZDk2NjIifQ%3D%3D\" href='https:\/\/rueduontour.com\/wp-content\/uploads\/2022\/05\/Foto-04.02.13-01-42-57-scaled.jpg'><img loading=\"lazy\" decoding=\"async\" width=\"768\" height=\"432\" src=\"https:\/\/rueduontour.com\/wp-content\/uploads\/2022\/05\/Foto-04.02.13-01-42-57-768x432.jpg\" class=\"attachment-medium_large size-medium_large\" alt=\"\" srcset=\"https:\/\/rueduontour.com\/wp-content\/uploads\/2022\/05\/Foto-04.02.13-01-42-57-768x432.jpg 768w, https:\/\/rueduontour.com\/wp-content\/uploads\/2022\/05\/Foto-04.02.13-01-42-57-300x169.jpg 300w, https:\/\/rueduontour.com\/wp-content\/uploads\/2022\/05\/Foto-04.02.13-01-42-57-1024x576.jpg 1024w, https:\/\/rueduontour.com\/wp-content\/uploads\/2022\/05\/Foto-04.02.13-01-42-57-1536x864.jpg 1536w, https:\/\/rueduontour.com\/wp-content\/uploads\/2022\/05\/Foto-04.02.13-01-42-57-2048x1152.jpg 2048w\" sizes=\"(max-width: 768px) 100vw, 768px\" \/><\/a>\n\t\t\t<\/div><\/figure><figure class='gallery-item'>\n\t\t\t<div class='gallery-icon landscape'>\n\t\t\t\t<a data-elementor-open-lightbox=\"yes\" data-elementor-lightbox-slideshow=\"4d9d9662\" data-elementor-lightbox-title=\"Foto-24.04.13-18-15-39.jpg\" data-e-action-hash=\"#elementor-action%3Aaction%3Dlightbox%26settings%3DeyJpZCI6NTQ5LCJ1cmwiOiJodHRwczpcL1wvcnVlZHVvbnRvdXIuY29tXC93cC1jb250ZW50XC91cGxvYWRzXC8yMDIyXC8wNVwvRm90by0yNC4wNC4xMy0xOC0xNS0zOS1zY2FsZWQuanBnIiwic2xpZGVzaG93IjoiNGQ5ZDk2NjIifQ%3D%3D\" href='https:\/\/rueduontour.com\/wp-content\/uploads\/2022\/05\/Foto-24.04.13-18-15-39-scaled.jpg'><img loading=\"lazy\" decoding=\"async\" width=\"768\" height=\"432\" src=\"https:\/\/rueduontour.com\/wp-content\/uploads\/2022\/05\/Foto-24.04.13-18-15-39-768x432.jpg\" class=\"attachment-medium_large size-medium_large\" alt=\"\" srcset=\"https:\/\/rueduontour.com\/wp-content\/uploads\/2022\/05\/Foto-24.04.13-18-15-39-768x432.jpg 768w, https:\/\/rueduontour.com\/wp-content\/uploads\/2022\/05\/Foto-24.04.13-18-15-39-300x169.jpg 300w, https:\/\/rueduontour.com\/wp-content\/uploads\/2022\/05\/Foto-24.04.13-18-15-39-1024x576.jpg 1024w, https:\/\/rueduontour.com\/wp-content\/uploads\/2022\/05\/Foto-24.04.13-18-15-39-1536x864.jpg 1536w, https:\/\/rueduontour.com\/wp-content\/uploads\/2022\/05\/Foto-24.04.13-18-15-39-2048x1152.jpg 2048w\" sizes=\"(max-width: 768px) 100vw, 768px\" \/><\/a>\n\t\t\t<\/div><\/figure><figure class='gallery-item'>\n\t\t\t<div class='gallery-icon landscape'>\n\t\t\t\t<a data-elementor-open-lightbox=\"yes\" data-elementor-lightbox-slideshow=\"4d9d9662\" data-elementor-lightbox-title=\"Foto-22.01.13-05-23-19.jpg\" data-e-action-hash=\"#elementor-action%3Aaction%3Dlightbox%26settings%3DeyJpZCI6NTQ4LCJ1cmwiOiJodHRwczpcL1wvcnVlZHVvbnRvdXIuY29tXC93cC1jb250ZW50XC91cGxvYWRzXC8yMDIyXC8wNVwvRm90by0yMi4wMS4xMy0wNS0yMy0xOS1zY2FsZWQuanBnIiwic2xpZGVzaG93IjoiNGQ5ZDk2NjIifQ%3D%3D\" href='https:\/\/rueduontour.com\/wp-content\/uploads\/2022\/05\/Foto-22.01.13-05-23-19-scaled.jpg'><img loading=\"lazy\" decoding=\"async\" width=\"768\" height=\"453\" src=\"https:\/\/rueduontour.com\/wp-content\/uploads\/2022\/05\/Foto-22.01.13-05-23-19-768x453.jpg\" class=\"attachment-medium_large size-medium_large\" alt=\"\" srcset=\"https:\/\/rueduontour.com\/wp-content\/uploads\/2022\/05\/Foto-22.01.13-05-23-19-768x453.jpg 768w, https:\/\/rueduontour.com\/wp-content\/uploads\/2022\/05\/Foto-22.01.13-05-23-19-300x177.jpg 300w, https:\/\/rueduontour.com\/wp-content\/uploads\/2022\/05\/Foto-22.01.13-05-23-19-1024x604.jpg 1024w, https:\/\/rueduontour.com\/wp-content\/uploads\/2022\/05\/Foto-22.01.13-05-23-19-1536x906.jpg 1536w, https:\/\/rueduontour.com\/wp-content\/uploads\/2022\/05\/Foto-22.01.13-05-23-19-2048x1208.jpg 2048w\" sizes=\"(max-width: 768px) 100vw, 768px\" \/><\/a>\n\t\t\t<\/div><\/figure>\n\t\t<\/div>\n\t\t<\/div>\n\t\t\t\t\t\t<\/div>\n\t\t\t\t<\/div>\n\t\t\t\t\t<\/div>\n\t\t<\/div>\n\t\t\t\t\t<\/div>\n\t\t<\/section>\n\t\t\t\t<\/div>\n\t\t","protected":false},"excerpt":{"rendered":"<p>R\u00fcedu on tour Nach einigen wundersch\u00f6nen Reisen mit dem Rucksack durch die Welt,haben wir Job und Wohnung aufgegeben und erf\u00fcllen uns nuneinen Traum und sind mit unserem eigenen Camper &#8222;R\u00fcedu&#8220; unterwegs. Ein bestimmtes Ziel oder eine definierte Route haben wir nicht.Wir fahren von der Schweiz aus Richtung Osten und lassen uns unterwegs inspirieren, wo es [&hellip;]<\/p>\n","protected":false},"author":1,"featured_media":0,"parent":0,"menu_order":0,"comment_status":"closed","ping_status":"closed","template":"","meta":{"site-sidebar-layout":"no-sidebar","site-content-layout":"page-builder","ast-site-content-layout":"default","site-content-style":"default","site-sidebar-style":"default","ast-global-header-display":"","ast-banner-title-visibility":"","ast-main-header-display":"","ast-hfb-above-header-display":"","ast-hfb-below-header-display":"","ast-hfb-mobile-header-display":"","site-post-title":"disabled","ast-breadcrumbs-content":"","ast-featured-img":"","footer-sml-layout":"","ast-disable-related-posts":"","theme-transparent-header-meta":"enabled","adv-header-id-meta":"","stick-header-meta":"","header-above-stick-meta":"","header-main-stick-meta":"","header-below-stick-meta":"","astra-migrate-meta-layouts":"default","ast-page-background-enabled":"default","ast-page-background-meta":{"desktop":{"background-color":"","background-image":"","background-repeat":"repeat","background-position":"center center","background-size":"auto","background-attachment":"scroll","background-type":"","background-media":"","overlay-type":"","overlay-color":"","overlay-opacity":"","overlay-gradient":""},"tablet":{"background-color":"","background-image":"","background-repeat":"repeat","background-position":"center center","background-size":"auto","background-attachment":"scroll","background-type":"","background-media":"","overlay-type":"","overlay-color":"","overlay-opacity":"","overlay-gradient":""},"mobile":{"background-color":"","background-image":"","background-repeat":"repeat","background-position":"center center","background-size":"auto","background-attachment":"scroll","background-type":"","background-media":"","overlay-type":"","overlay-color":"","overlay-opacity":"","overlay-gradient":""}},"ast-content-background-meta":{"desktop":{"background-color":"var(--ast-global-color-5)","background-image":"","background-repeat":"repeat","background-position":"center center","background-size":"auto","background-attachment":"scroll","background-type":"","background-media":"","overlay-type":"","overlay-color":"","overlay-opacity":"","overlay-gradient":""},"tablet":{"background-color":"var(--ast-global-color-5)","background-image":"","background-repeat":"repeat","background-position":"center center","background-size":"auto","background-attachment":"scroll","background-type":"","background-media":"","overlay-type":"","overlay-color":"","overlay-opacity":"","overlay-gradient":""},"mobile":{"background-color":"var(--ast-global-color-5)","background-image":"","background-repeat":"repeat","background-position":"center center","background-size":"auto","background-attachment":"scroll","background-type":"","background-media":"","overlay-type":"","overlay-color":"","overlay-opacity":"","overlay-gradient":""}},"footnotes":""},"class_list":["post-30","page","type-page","status-publish","hentry"],"jetpack_sharing_enabled":true,"_links":{"self":[{"href":"https:\/\/rueduontour.com\/index.php?rest_route=\/wp\/v2\/pages\/30","targetHints":{"allow":["GET"]}}],"collection":[{"href":"https:\/\/rueduontour.com\/index.php?rest_route=\/wp\/v2\/pages"}],"about":[{"href":"https:\/\/rueduontour.com\/index.php?rest_route=\/wp\/v2\/types\/page"}],"author":[{"embeddable":true,"href":"https:\/\/rueduontour.com\/index.php?rest_route=\/wp\/v2\/users\/1"}],"replies":[{"embeddable":true,"href":"https:\/\/rueduontour.com\/index.php?rest_route=%2Fwp%2Fv2%2Fcomments&post=30"}],"version-history":[{"count":379,"href":"https:\/\/rueduontour.com\/index.php?rest_route=\/wp\/v2\/pages\/30\/revisions"}],"predecessor-version":[{"id":12917,"href":"https:\/\/rueduontour.com\/index.php?rest_route=\/wp\/v2\/pages\/30\/revisions\/12917"}],"wp:attachment":[{"href":"https:\/\/rueduontour.com\/index.php?rest_route=%2Fwp%2Fv2%2Fmedia&parent=30"}],"curies":[{"name":"wp","href":"https:\/\/api.w.org\/{rel}","templated":true}]}}