{"id":31,"date":"2020-04-13T11:18:52","date_gmt":"2020-04-13T09:18:52","guid":{"rendered":"https:\/\/rueduontour.com\/?page_id=31"},"modified":"2022-07-08T21:44:50","modified_gmt":"2022-07-08T19:44:50","slug":"about-us","status":"publish","type":"page","link":"https:\/\/rueduontour.com\/?page_id=31","title":{"rendered":"About us"},"content":{"rendered":"\t\t<div data-elementor-type=\"wp-page\" data-elementor-id=\"31\" class=\"elementor elementor-31\">\n\t\t\t\t\t\t<section class=\"elementor-section elementor-top-section elementor-element elementor-element-5131a13e elementor-section-boxed elementor-section-height-default elementor-section-height-default\" data-id=\"5131a13e\" data-element_type=\"section\" data-e-type=\"section\" data-settings=\"{&quot;background_background&quot;:&quot;classic&quot;}\">\n\t\t\t\t\t\t\t<div class=\"elementor-background-overlay\"><\/div>\n\t\t\t\t\t\t\t<div class=\"elementor-container elementor-column-gap-default\">\n\t\t\t\t\t<div class=\"elementor-column elementor-col-100 elementor-top-column elementor-element elementor-element-1053ca7a\" data-id=\"1053ca7a\" data-element_type=\"column\" data-e-type=\"column\">\n\t\t\t<div class=\"elementor-widget-wrap elementor-element-populated\">\n\t\t\t\t\t\t<div class=\"elementor-element elementor-element-3d99e122 elementor-absolute elementor-widget elementor-widget-heading\" data-id=\"3d99e122\" data-element_type=\"widget\" data-e-type=\"widget\" data-settings=\"{&quot;_position&quot;:&quot;absolute&quot;}\" data-widget_type=\"heading.default\">\n\t\t\t\t<div class=\"elementor-widget-container\">\n\t\t\t\t\t<h1 class=\"elementor-heading-title elementor-size-default\">About us<\/h1>\t\t\t\t<\/div>\n\t\t\t\t<\/div>\n\t\t\t\t\t<\/div>\n\t\t<\/div>\n\t\t\t\t\t<\/div>\n\t\t<\/section>\n\t\t\t\t<section class=\"elementor-section elementor-top-section elementor-element elementor-element-40177ae0 elementor-section-boxed elementor-section-height-default elementor-section-height-default\" data-id=\"40177ae0\" data-element_type=\"section\" data-e-type=\"section\">\n\t\t\t\t\t\t<div class=\"elementor-container elementor-column-gap-no\">\n\t\t\t\t\t<div class=\"elementor-column elementor-col-50 elementor-top-column elementor-element elementor-element-2828f573\" data-id=\"2828f573\" data-element_type=\"column\" data-e-type=\"column\">\n\t\t\t<div class=\"elementor-widget-wrap elementor-element-populated\">\n\t\t\t\t\t\t<div class=\"elementor-element elementor-element-68afc23b elementor-widget elementor-widget-heading\" data-id=\"68afc23b\" data-element_type=\"widget\" data-e-type=\"widget\" data-widget_type=\"heading.default\">\n\t\t\t\t<div class=\"elementor-widget-container\">\n\t\t\t\t\t<h2 class=\"elementor-heading-title elementor-size-default\">wer wir sind<\/h2>\t\t\t\t<\/div>\n\t\t\t\t<\/div>\n\t\t\t\t<div class=\"elementor-element elementor-element-313e87e elementor-widget elementor-widget-image\" data-id=\"313e87e\" data-element_type=\"widget\" data-e-type=\"widget\" data-widget_type=\"image.default\">\n\t\t\t\t<div class=\"elementor-widget-container\">\n\t\t\t\t\t\t\t\t\t\t\t\t\t\t\t<img fetchpriority=\"high\" decoding=\"async\" width=\"300\" height=\"199\" src=\"https:\/\/rueduontour.com\/wp-content\/uploads\/2022\/05\/DSC_0144-1-300x199.jpg\" class=\"attachment-medium size-medium wp-image-331\" alt=\"\" srcset=\"https:\/\/rueduontour.com\/wp-content\/uploads\/2022\/05\/DSC_0144-1-300x199.jpg 300w, https:\/\/rueduontour.com\/wp-content\/uploads\/2022\/05\/DSC_0144-1-1024x681.jpg 1024w, https:\/\/rueduontour.com\/wp-content\/uploads\/2022\/05\/DSC_0144-1-768x511.jpg 768w, https:\/\/rueduontour.com\/wp-content\/uploads\/2022\/05\/DSC_0144-1-1536x1021.jpg 1536w, https:\/\/rueduontour.com\/wp-content\/uploads\/2022\/05\/DSC_0144-1-2048x1362.jpg 2048w\" sizes=\"(max-width: 300px) 100vw, 300px\" \/>\t\t\t\t\t\t\t\t\t\t\t\t\t\t\t<\/div>\n\t\t\t\t<\/div>\n\t\t\t\t<div class=\"elementor-element elementor-element-98eb313 elementor-widget elementor-widget-text-editor\" data-id=\"98eb313\" data-element_type=\"widget\" data-e-type=\"widget\" data-widget_type=\"text-editor.default\">\n\t\t\t\t<div class=\"elementor-widget-container\">\n\t\t\t\t\t\t\t\t\t<p>Das sind wir, Yolanda &amp; Reto.<br>Beide mit Baujahr 1979&nbsp;und aus der Schweiz<br><\/p>\t\t\t\t\t\t\t\t<\/div>\n\t\t\t\t<\/div>\n\t\t\t\t<div class=\"elementor-element elementor-element-a5ee5cc elementor-widget elementor-widget-image\" data-id=\"a5ee5cc\" data-element_type=\"widget\" data-e-type=\"widget\" data-widget_type=\"image.default\">\n\t\t\t\t<div class=\"elementor-widget-container\">\n\t\t\t\t\t\t\t\t\t\t\t\t<figure class=\"wp-caption\">\n\t\t\t\t\t\t\t\t\t\t<img decoding=\"async\" width=\"295\" height=\"300\" src=\"https:\/\/rueduontour.com\/wp-content\/uploads\/2022\/05\/IMG_20220527_090531-295x300.jpg\" class=\"attachment-medium size-medium wp-image-535\" alt=\"\" srcset=\"https:\/\/rueduontour.com\/wp-content\/uploads\/2022\/05\/IMG_20220527_090531-295x300.jpg 295w, https:\/\/rueduontour.com\/wp-content\/uploads\/2022\/05\/IMG_20220527_090531-1006x1024.jpg 1006w, https:\/\/rueduontour.com\/wp-content\/uploads\/2022\/05\/IMG_20220527_090531-768x782.jpg 768w, https:\/\/rueduontour.com\/wp-content\/uploads\/2022\/05\/IMG_20220527_090531-1509x1536.jpg 1509w, https:\/\/rueduontour.com\/wp-content\/uploads\/2022\/05\/IMG_20220527_090531.jpg 1680w\" sizes=\"(max-width: 295px) 100vw, 295px\" \/>\t\t\t\t\t\t\t\t\t\t\t<figcaption class=\"widget-image-caption wp-caption-text\"><\/figcaption>\n\t\t\t\t\t\t\t\t\t\t<\/figure>\n\t\t\t\t\t\t\t\t\t<\/div>\n\t\t\t\t<\/div>\n\t\t\t\t<div class=\"elementor-element elementor-element-78e664a elementor-widget elementor-widget-text-editor\" data-id=\"78e664a\" data-element_type=\"widget\" data-e-type=\"widget\" data-widget_type=\"text-editor.default\">\n\t\t\t\t<div class=\"elementor-widget-container\">\n\t\t\t\t\t\t\t\t\t<p>Das ist R\u00fcedu &#8211; ein Mercedes Sprinter 318 CDI<br \/><span style=\"font-style: inherit; font-weight: inherit; color: var(--ast-global-color-3);\">Baujahr 2009, 4&#215;4, Automatikgetriebe<\/span><\/p>\t\t\t\t\t\t\t\t<\/div>\n\t\t\t\t<\/div>\n\t\t\t\t\t<\/div>\n\t\t<\/div>\n\t\t\t\t<div class=\"elementor-column elementor-col-50 elementor-top-column elementor-element elementor-element-48096891\" data-id=\"48096891\" data-element_type=\"column\" data-e-type=\"column\">\n\t\t\t<div class=\"elementor-widget-wrap elementor-element-populated\">\n\t\t\t\t\t\t<div class=\"elementor-element elementor-element-44ce5982 elementor-widget elementor-widget-text-editor\" data-id=\"44ce5982\" data-element_type=\"widget\" data-e-type=\"widget\" data-widget_type=\"text-editor.default\">\n\t\t\t\t<div class=\"elementor-widget-container\">\n\t\t\t\t\t\t\t\t\t<p>Tschou z\u00e4m\u00e4, wir sind Yolanda und Reto.<\/p>\n<p>Vor einigen Jahren haben wir unsere gemeinsame Leidenschaft, das Reisen entdeckt.<br><span style=\"color: var(--ast-global-color-3); font-style: inherit; font-weight: inherit;\">Seitdem durften wir bereits w\u00e4hrend mehrerer Monate viele L\u00e4nder mit dem Rucksack bereisen.<\/span><\/p>\t\t\t\t\t\t\t\t<\/div>\n\t\t\t\t<\/div>\n\t\t\t\t<div class=\"elementor-element elementor-element-e56ab06 elementor-widget elementor-widget-text-editor\" data-id=\"e56ab06\" data-element_type=\"widget\" data-e-type=\"widget\" data-widget_type=\"text-editor.default\">\n\t\t\t\t<div class=\"elementor-widget-container\">\n\t\t\t\t\t\t\t\t\t<p>Vor acht Jahren haben wir uns dann in Australien das erste Mal einen Camper gemietet und uns sofort in diese Art des Reisens verliebt.<br><span style=\"font-style: inherit; font-weight: inherit; color: var(--ast-global-color-3);\">Schnell war klar, eines Tages wollen wir einen eigenen besitzen!<\/span><\/p>\n<p>Diesen Traum wollten wir aber eigentlich erst sp\u00e4ter verwirklichen. Doch aufgrund der unsicheren Reiselage wegen Corona und einer langwierigen Schulter-Verletzung haben wir uns entschieden, auf die eigentlich geplante Rucksackreise Richtung China zu verzichten und stattdessen das Projekt mit dem eigenen Camper in Angriff zu nehmen.<\/p>\n<p>Im Februar 2022 war es dann so weit und wir haben &#8222;N\u00e4gu mit Ch\u00f6pf gmacht&#8220; und unseren R\u00fcedu &#8211; ein Mercedes Sprinter Jg. 2009 &#8211; gekauft.<\/p>\n<p>Gleich zu Beginn wurden wir mit einigen Stolpersteinen in Form von verstecktem Rost oder m\u00fchseliger B\u00fcrokratie gefordert. Doch jede Herausforderung haben wir gemeistert und sind nun startklar und bereit, mit R\u00fcedu die Welt zu erkunden.<\/p>\n<p>Sch\u00f6n, begleitest Du uns dabei!<\/p>\t\t\t\t\t\t\t\t<\/div>\n\t\t\t\t<\/div>\n\t\t\t\t<div class=\"elementor-element elementor-element-4ec76f84 elementor-widget elementor-widget-heading\" data-id=\"4ec76f84\" data-element_type=\"widget\" data-e-type=\"widget\" data-widget_type=\"heading.default\">\n\t\t\t\t<div class=\"elementor-widget-container\">\n\t\t\t\t\t<h3 class=\"elementor-heading-title elementor-size-medium\">Yolanda &amp; Reto<\/h3>\t\t\t\t<\/div>\n\t\t\t\t<\/div>\n\t\t\t\t\t<\/div>\n\t\t<\/div>\n\t\t\t\t\t<\/div>\n\t\t<\/section>\n\t\t\t\t<\/div>\n\t\t","protected":false},"excerpt":{"rendered":"<p>About us wer wir sind Das sind wir, Yolanda &amp; Reto.Beide mit Baujahr 1979&nbsp;und aus der Schweiz Das ist R\u00fcedu &#8211; ein Mercedes Sprinter 318 CDIBaujahr 2009, 4&#215;4, Automatikgetriebe Tschou z\u00e4m\u00e4, wir sind Yolanda und Reto. Vor einigen Jahren haben wir unsere gemeinsame Leidenschaft, das Reisen entdeckt.Seitdem durften wir bereits w\u00e4hrend mehrerer Monate viele L\u00e4nder [&hellip;]<\/p>\n","protected":false},"author":1,"featured_media":0,"parent":30,"menu_order":0,"comment_status":"closed","ping_status":"closed","template":"","meta":{"site-sidebar-layout":"no-sidebar","site-content-layout":"page-builder","ast-site-content-layout":"default","site-content-style":"default","site-sidebar-style":"default","ast-global-header-display":"","ast-banner-title-visibility":"","ast-main-header-display":"","ast-hfb-above-header-display":"","ast-hfb-below-header-display":"","ast-hfb-mobile-header-display":"","site-post-title":"disabled","ast-breadcrumbs-content":"","ast-featured-img":"","footer-sml-layout":"","ast-disable-related-posts":"","theme-transparent-header-meta":"enabled","adv-header-id-meta":"","stick-header-meta":"","header-above-stick-meta":"","header-main-stick-meta":"","header-below-stick-meta":"","astra-migrate-meta-layouts":"default","ast-page-background-enabled":"default","ast-page-background-meta":{"desktop":{"background-color":"","background-image":"","background-repeat":"repeat","background-position":"center center","background-size":"auto","background-attachment":"scroll","background-type":"","background-media":"","overlay-type":"","overlay-color":"","overlay-opacity":"","overlay-gradient":""},"tablet":{"background-color":"","background-image":"","background-repeat":"repeat","background-position":"center center","background-size":"auto","background-attachment":"scroll","background-type":"","background-media":"","overlay-type":"","overlay-color":"","overlay-opacity":"","overlay-gradient":""},"mobile":{"background-color":"","background-image":"","background-repeat":"repeat","background-position":"center center","background-size":"auto","background-attachment":"scroll","background-type":"","background-media":"","overlay-type":"","overlay-color":"","overlay-opacity":"","overlay-gradient":""}},"ast-content-background-meta":{"desktop":{"background-color":"var(--ast-global-color-5)","background-image":"","background-repeat":"repeat","background-position":"center center","background-size":"auto","background-attachment":"scroll","background-type":"","background-media":"","overlay-type":"","overlay-color":"","overlay-opacity":"","overlay-gradient":""},"tablet":{"background-color":"var(--ast-global-color-5)","background-image":"","background-repeat":"repeat","background-position":"center center","background-size":"auto","background-attachment":"scroll","background-type":"","background-media":"","overlay-type":"","overlay-color":"","overlay-opacity":"","overlay-gradient":""},"mobile":{"background-color":"var(--ast-global-color-5)","background-image":"","background-repeat":"repeat","background-position":"center center","background-size":"auto","background-attachment":"scroll","background-type":"","background-media":"","overlay-type":"","overlay-color":"","overlay-opacity":"","overlay-gradient":""}},"footnotes":""},"class_list":["post-31","page","type-page","status-publish","hentry"],"jetpack_sharing_enabled":true,"_links":{"self":[{"href":"https:\/\/rueduontour.com\/index.php?rest_route=\/wp\/v2\/pages\/31","targetHints":{"allow":["GET"]}}],"collection":[{"href":"https:\/\/rueduontour.com\/index.php?rest_route=\/wp\/v2\/pages"}],"about":[{"href":"https:\/\/rueduontour.com\/index.php?rest_route=\/wp\/v2\/types\/page"}],"author":[{"embeddable":true,"href":"https:\/\/rueduontour.com\/index.php?rest_route=\/wp\/v2\/users\/1"}],"replies":[{"embeddable":true,"href":"https:\/\/rueduontour.com\/index.php?rest_route=%2Fwp%2Fv2%2Fcomments&post=31"}],"version-history":[{"count":69,"href":"https:\/\/rueduontour.com\/index.php?rest_route=\/wp\/v2\/pages\/31\/revisions"}],"predecessor-version":[{"id":1564,"href":"https:\/\/rueduontour.com\/index.php?rest_route=\/wp\/v2\/pages\/31\/revisions\/1564"}],"up":[{"embeddable":true,"href":"https:\/\/rueduontour.com\/index.php?rest_route=\/wp\/v2\/pages\/30"}],"wp:attachment":[{"href":"https:\/\/rueduontour.com\/index.php?rest_route=%2Fwp%2Fv2%2Fmedia&parent=31"}],"curies":[{"name":"wp","href":"https:\/\/api.w.org\/{rel}","templated":true}]}}